{"id":2,"date":"2018-03-20T13:00:35","date_gmt":"2018-03-20T16:00:35","guid":{"rendered":"http:\/\/henrikobata.hospedagemdesites.ws\/?page_id=2"},"modified":"2018-03-27T09:31:08","modified_gmt":"2018-03-27T12:31:08","slug":"sobre-este-blog","status":"publish","type":"page","link":"https:\/\/henrikobata.com.br\/?page_id=2","title":{"rendered":"Sobre este blog"},"content":{"rendered":"<p><a href=\"http:\/\/henrikobata.com.br\/wp-content\/uploads\/2012\/05\/henri_foto_descri\u00e7\u00e3o.jpg\"><img loading=\"lazy\" decoding=\"async\" class=\"size-full wp-image-1303 alignleft\" src=\"http:\/\/henrikobata.com.br\/wp-content\/uploads\/2012\/05\/henri_foto_descri\u00e7\u00e3o.jpg\" alt=\"\" width=\"150\" height=\"143\" \/><\/a><a href=\"http:\/\/henrikobata.com.br\/wp-content\/uploads\/2012\/05\/HK1.jpg\"><br \/>\n<\/a><\/p>\n<p>O autor desse BLOG,\u00a0Henri\u00a0Kobata, \u00e9 jornalista com forma\u00e7\u00e3o tamb\u00e9m em m\u00fasica e gest\u00e3o de pessoas. Tem experi\u00eancia profissional como rep\u00f3rter, editor e em toda a linha de produ\u00e7\u00e3o jornal\u00edstica. Foi\u00a0diretor de Servi\u00e7os Editorias da Editora Abril e\u00a0diretor de Gest\u00e3o de Pessoas da Radiobr\u00e1s. Dedicou-se paralelamente, durante mais de vinte e dois anos, aos trabalhos sociais\u00a0como educador e respons\u00e1vel pedag\u00f3gico. Foi respons\u00e1vel, no Hospital do C\u00e2ncer de S\u00e3o Paulo, pelos programas de desenvolvimento e de mudan\u00e7a de olhar dedicados aos jovens que tiveram sequelas graves devido ao tratamento de c\u00e2ncer e aos pacientes em estado terminal. Ap\u00f3s esse per\u00edodo, durante nove anos,\u00a0trabalhou\u00a0no setor p\u00fablico federal, em Bras\u00edlia, com o objetivo de conhecer o funcionamento do Estado brasileiro, o tipo de rela\u00e7\u00e3o que existe entre governantes, funcion\u00e1rios p\u00fablicos e a sociedade, o esp\u00edrito e as ambi\u00e7\u00f5es que permeiam e decidem os destinos do pa\u00eds.<\/p>\n<div id=\"themify_builder_content-2\" data-postid=\"2\" class=\"themify_builder_content themify_builder_content-2 themify_builder\">\n\n    <\/div>\n<!-- \/themify_builder_content -->","protected":false},"excerpt":{"rendered":"<p>O autor desse BLOG,\u00a0Henri\u00a0Kobata, \u00e9 jornalista com forma\u00e7\u00e3o tamb\u00e9m em m\u00fasica e gest\u00e3o de pessoas. Tem experi\u00eancia profissional como rep\u00f3rter, editor e em toda a linha de produ\u00e7\u00e3o jornal\u00edstica. Foi\u00a0diretor de Servi\u00e7os Editorias da Editora Abril e\u00a0diretor de Gest\u00e3o de Pessoas da Radiobr\u00e1s. Dedicou-se paralelamente, durante mais de vinte e dois anos, aos trabalhos sociais\u00a0como [&hellip;]<\/p>\n","protected":false},"author":1,"featured_media":0,"parent":0,"menu_order":1,"comment_status":"open","ping_status":"closed","template":"","meta":{"footnotes":""},"class_list":["post-2","page","type-page","status-publish","hentry","has-post-title","has-post-date","has-post-category","has-post-tag","has-post-comment","has-post-author",""],"_links":{"self":[{"href":"https:\/\/henrikobata.com.br\/index.php?rest_route=\/wp\/v2\/pages\/2"}],"collection":[{"href":"https:\/\/henrikobata.com.br\/index.php?rest_route=\/wp\/v2\/pages"}],"about":[{"href":"https:\/\/henrikobata.com.br\/index.php?rest_route=\/wp\/v2\/types\/page"}],"author":[{"embeddable":true,"href":"https:\/\/henrikobata.com.br\/index.php?rest_route=\/wp\/v2\/users\/1"}],"replies":[{"embeddable":true,"href":"https:\/\/henrikobata.com.br\/index.php?rest_route=%2Fwp%2Fv2%2Fcomments&post=2"}],"version-history":[{"count":40,"href":"https:\/\/henrikobata.com.br\/index.php?rest_route=\/wp\/v2\/pages\/2\/revisions"}],"predecessor-version":[{"id":2590,"href":"https:\/\/henrikobata.com.br\/index.php?rest_route=\/wp\/v2\/pages\/2\/revisions\/2590"}],"wp:attachment":[{"href":"https:\/\/henrikobata.com.br\/index.php?rest_route=%2Fwp%2Fv2%2Fmedia&parent=2"}],"curies":[{"name":"wp","href":"https:\/\/api.w.org\/{rel}","templated":true}]}}